{"id":239,"date":"2025-07-09T22:20:26","date_gmt":"2025-07-09T21:20:26","guid":{"rendered":"https:\/\/gyorikikoto.hu\/?page_id=239"},"modified":"2025-07-09T22:20:27","modified_gmt":"2025-07-09T21:20:27","slug":"vendeghajoknak","status":"publish","type":"page","link":"https:\/\/gyorikikoto.hu\/en\/vendeghajoknak\/","title":{"rendered":"Informations for guests"},"content":{"rendered":"<p class=\"translation-block\">Guest boats are accepted by prior arrangement.\nPlease send us the details of the boat in advance by e-mail to gyorikikoto@gmail.com (name of the owner, address, registration number, length and width of the boat).<\/p>\n\n\n\n<p>Please indicate the method of payment (bank transfer or cash). In the case of bank transfer, please also provide billing details in advance.&nbsp;<\/p>\n\n\n\n<p>The port is automated and operates wothout personnel.<\/p>\n\n\n\n<p>After pre-check-in and payment of the fee, a code will be sent to open the pier gate and the water block.&nbsp;<\/p>\n\n\n\n<p>The water in the marina is not drinkable.&nbsp;<\/p>\n\n\n\n<p>We suggest to approach the marina at the mouth of the Industrial Canal as shown in the picture for optimal water depth.&nbsp;<\/p>\n\n\n\n<p>We suggest to approach the marina at the mouth of the Industrial Canal as shown in the picture for optimal water depth.\n\nThe area marked in yellow on the layout of the harbour is available for guest vessels. Any of the available spaces can be used. The area marked in red is off-limits, as there is an alarm system in that area. In the event of unjustified alarming of the guard service, a fee of 30.000 HUF will be charged!<\/p>\n\n\n\n<p>The separate guarded area is not marked on the site, so please pay attention to the correct use of the traffic route!<\/p>\n\n\n\n<p class=\"translation-block\">A buffet is also available at weekends (non-alcoholic and alcoholic drinks, coffee, ice cream, hot sandwiches). Hot meals can also be ordered on request, if this is agreed in advance by calling +36 20 444 6654 or by e-mailing mosonyi4@gmail.com!<\/p>\n\n\n\n<p>We welcome all boaters!<\/p>\n\n\n\n<p>The team of Gy\u0151ri Harbour<\/p>\n\n\n\n<figure class=\"wp-block-gallery has-nested-images columns-default is-cropped wp-block-gallery-1 is-layout-flex wp-block-gallery-is-layout-flex\">\n<figure class=\"wp-block-image size-large\"><img fetchpriority=\"high\" decoding=\"async\" width=\"944\" height=\"1024\" data-id=\"240\" src=\"https:\/\/gyorikikoto.hu\/wp-content\/uploads\/2025\/07\/IMG_0603-944x1024.jpg\" alt=\"\" class=\"wp-image-240\" srcset=\"https:\/\/gyorikikoto.hu\/wp-content\/uploads\/2025\/07\/IMG_0603-944x1024.jpg 944w, https:\/\/gyorikikoto.hu\/wp-content\/uploads\/2025\/07\/IMG_0603-277x300.jpg 277w, https:\/\/gyorikikoto.hu\/wp-content\/uploads\/2025\/07\/IMG_0603-768x833.jpg 768w, https:\/\/gyorikikoto.hu\/wp-content\/uploads\/2025\/07\/IMG_0603-1416x1536.jpg 1416w, https:\/\/gyorikikoto.hu\/wp-content\/uploads\/2025\/07\/IMG_0603-11x12.jpg 11w, https:\/\/gyorikikoto.hu\/wp-content\/uploads\/2025\/07\/IMG_0603.jpg 1512w\" sizes=\"(max-width: 944px) 100vw, 944px\" \/><\/figure>\n\n\n\n<figure class=\"wp-block-image size-large\"><img decoding=\"async\" width=\"937\" height=\"1024\" data-id=\"241\" src=\"https:\/\/gyorikikoto.hu\/wp-content\/uploads\/2025\/07\/IMG_0604-937x1024.jpg\" alt=\"\" class=\"wp-image-241\" srcset=\"https:\/\/gyorikikoto.hu\/wp-content\/uploads\/2025\/07\/IMG_0604-937x1024.jpg 937w, https:\/\/gyorikikoto.hu\/wp-content\/uploads\/2025\/07\/IMG_0604-275x300.jpg 275w, https:\/\/gyorikikoto.hu\/wp-content\/uploads\/2025\/07\/IMG_0604-768x839.jpg 768w, https:\/\/gyorikikoto.hu\/wp-content\/uploads\/2025\/07\/IMG_0604-1406x1536.jpg 1406w, https:\/\/gyorikikoto.hu\/wp-content\/uploads\/2025\/07\/IMG_0604-11x12.jpg 11w, https:\/\/gyorikikoto.hu\/wp-content\/uploads\/2025\/07\/IMG_0604.jpg 1501w\" sizes=\"(max-width: 937px) 100vw, 937px\" \/><\/figure>\n<\/figure>","protected":false},"excerpt":{"rendered":"<p>Vend\u00e9ghaj\u00f3kat el\u0151zetes bejelentkez\u00e9s alapj\u00e1n fogadunk.&nbsp;A haj\u00f3 adatait k\u00e9rj\u00fck el\u0151zetesen e-mailben a&nbsp;gyorikikoto@gmail.com&nbsp;c\u00edmre megk\u00fcldeni. (\u00fczembentart\u00f3 neve, c\u00edme, a haj\u00f3 lajstromsz\u00e1ma, hossza \u00e9s sz\u00e9less\u00e9ge.) Megfelel egy fot\u00f3 is a haj\u00f3lev\u00e9lr\u0151l.&nbsp; K\u00e9rj\u00fck megadni a fizet\u00e9s m\u00f3dj\u00e1t (\u00e1tutal\u00e1s vagy k\u00e9szp\u00e9nz). \u00c1tutal\u00e1s eset\u00e9n k\u00e9rj\u00fck a sz\u00e1ml\u00e1z\u00e1si adatokat is el\u0151re megadni.&nbsp; A kik\u00f6t\u0151 automatiz\u00e1lva, szem\u00e9lyzet n\u00e9lk\u00fcl \u00fczemel. [&hellip;]<\/p>","protected":false},"author":1,"featured_media":0,"parent":0,"menu_order":0,"comment_status":"closed","ping_status":"closed","template":"","meta":{"_themeisle_gutenberg_block_has_review":false,"footnotes":""},"class_list":["post-239","page","type-page","status-publish","hentry"],"yoast_head":"<!-- This site is optimized with the Yoast SEO plugin v24.4 - https:\/\/yoast.com\/wordpress\/plugins\/seo\/ -->\n<title>Vend\u00e9ghaj\u00f3knak - GY\u0150RI KIK\u00d6T\u0150<\/title>\n<meta name=\"robots\" content=\"index, follow, max-snippet:-1, max-image-preview:large, max-video-preview:-1\" \/>\n<link rel=\"canonical\" href=\"http:\/\/gyorikikoto.hu\/en\/vendeghajoknak\/\" \/>\n<meta property=\"og:locale\" content=\"en_US\" \/>\n<meta property=\"og:type\" content=\"article\" \/>\n<meta property=\"og:title\" content=\"Vend\u00e9ghaj\u00f3knak - GY\u0150RI KIK\u00d6T\u0150\" \/>\n<meta property=\"og:description\" content=\"Vend\u00e9ghaj\u00f3kat el\u0151zetes bejelentkez\u00e9s alapj\u00e1n fogadunk.&nbsp;A haj\u00f3 adatait k\u00e9rj\u00fck el\u0151zetesen e-mailben a&nbsp;gyorikikoto@gmail.com&nbsp;c\u00edmre megk\u00fcldeni. (\u00fczembentart\u00f3 neve, c\u00edme, a haj\u00f3 lajstromsz\u00e1ma, hossza \u00e9s sz\u00e9less\u00e9ge.) Megfelel egy fot\u00f3 is a haj\u00f3lev\u00e9lr\u0151l.&nbsp; K\u00e9rj\u00fck megadni a fizet\u00e9s m\u00f3dj\u00e1t (\u00e1tutal\u00e1s vagy k\u00e9szp\u00e9nz). \u00c1tutal\u00e1s eset\u00e9n k\u00e9rj\u00fck a sz\u00e1ml\u00e1z\u00e1si adatokat is el\u0151re megadni.&nbsp; A kik\u00f6t\u0151 automatiz\u00e1lva, szem\u00e9lyzet n\u00e9lk\u00fcl \u00fczemel. [&hellip;]\" \/>\n<meta property=\"og:url\" content=\"http:\/\/gyorikikoto.hu\/en\/vendeghajoknak\/\" \/>\n<meta property=\"og:site_name\" content=\"GY\u0150RI KIK\u00d6T\u0150\" \/>\n<meta property=\"article:modified_time\" content=\"2025-07-09T21:20:27+00:00\" \/>\n<meta property=\"og:image\" content=\"https:\/\/gyorikikoto.hu\/wp-content\/uploads\/2025\/07\/IMG_0603-944x1024.jpg\" \/>\n<meta name=\"twitter:card\" content=\"summary_large_image\" \/>\n<meta name=\"twitter:label1\" content=\"Est. reading time\" \/>\n\t<meta name=\"twitter:data1\" content=\"2 minutes\" \/>\n<script type=\"application\/ld+json\" class=\"yoast-schema-graph\">{\"@context\":\"https:\/\/schema.org\",\"@graph\":[{\"@type\":\"WebPage\",\"@id\":\"http:\/\/gyorikikoto.hu\/en\/vendeghajoknak\/\",\"url\":\"http:\/\/gyorikikoto.hu\/en\/vendeghajoknak\/\",\"name\":\"Vend\u00e9ghaj\u00f3knak - GY\u0150RI KIK\u00d6T\u0150\",\"isPartOf\":{\"@id\":\"http:\/\/gyorikikoto.hu\/#website\"},\"primaryImageOfPage\":{\"@id\":\"http:\/\/gyorikikoto.hu\/en\/vendeghajoknak\/#primaryimage\"},\"image\":{\"@id\":\"http:\/\/gyorikikoto.hu\/en\/vendeghajoknak\/#primaryimage\"},\"thumbnailUrl\":\"https:\/\/gyorikikoto.hu\/wp-content\/uploads\/2025\/07\/IMG_0603-944x1024.jpg\",\"datePublished\":\"2025-07-09T21:20:26+00:00\",\"dateModified\":\"2025-07-09T21:20:27+00:00\",\"breadcrumb\":{\"@id\":\"http:\/\/gyorikikoto.hu\/en\/vendeghajoknak\/#breadcrumb\"},\"inLanguage\":\"en-US\",\"potentialAction\":[{\"@type\":\"ReadAction\",\"target\":[\"http:\/\/gyorikikoto.hu\/en\/vendeghajoknak\/\"]}]},{\"@type\":\"ImageObject\",\"inLanguage\":\"en-US\",\"@id\":\"http:\/\/gyorikikoto.hu\/en\/vendeghajoknak\/#primaryimage\",\"url\":\"https:\/\/gyorikikoto.hu\/wp-content\/uploads\/2025\/07\/IMG_0603-944x1024.jpg\",\"contentUrl\":\"https:\/\/gyorikikoto.hu\/wp-content\/uploads\/2025\/07\/IMG_0603-944x1024.jpg\"},{\"@type\":\"BreadcrumbList\",\"@id\":\"http:\/\/gyorikikoto.hu\/en\/vendeghajoknak\/#breadcrumb\",\"itemListElement\":[{\"@type\":\"ListItem\",\"position\":1,\"name\":\"Kezd\u0151lap\",\"item\":\"http:\/\/gyorikikoto.hu\/\"},{\"@type\":\"ListItem\",\"position\":2,\"name\":\"Vend\u00e9ghaj\u00f3knak\"}]},{\"@type\":\"WebSite\",\"@id\":\"http:\/\/gyorikikoto.hu\/#website\",\"url\":\"http:\/\/gyorikikoto.hu\/\",\"name\":\"GY\u0150RI KIK\u00d6T\u0150\",\"description\":\"kishaj\u00f3-kik\u00f6t\u0151 Gy\u0151rben\",\"publisher\":{\"@id\":\"http:\/\/gyorikikoto.hu\/#organization\"},\"potentialAction\":[{\"@type\":\"SearchAction\",\"target\":{\"@type\":\"EntryPoint\",\"urlTemplate\":\"http:\/\/gyorikikoto.hu\/?s={search_term_string}\"},\"query-input\":{\"@type\":\"PropertyValueSpecification\",\"valueRequired\":true,\"valueName\":\"search_term_string\"}}],\"inLanguage\":\"en-US\"},{\"@type\":\"Organization\",\"@id\":\"http:\/\/gyorikikoto.hu\/#organization\",\"name\":\"GY\u0150RI KIK\u00d6T\u0150\",\"url\":\"http:\/\/gyorikikoto.hu\/\",\"logo\":{\"@type\":\"ImageObject\",\"inLanguage\":\"en-US\",\"@id\":\"http:\/\/gyorikikoto.hu\/#\/schema\/logo\/image\/\",\"url\":\"https:\/\/gyorikikoto.hu\/wp-content\/uploads\/2025\/02\/cropped-Logo-hatter-nelkul.png\",\"contentUrl\":\"https:\/\/gyorikikoto.hu\/wp-content\/uploads\/2025\/02\/cropped-Logo-hatter-nelkul.png\",\"width\":500,\"height\":499,\"caption\":\"GY\u0150RI KIK\u00d6T\u0150\"},\"image\":{\"@id\":\"http:\/\/gyorikikoto.hu\/#\/schema\/logo\/image\/\"}}]}<\/script>\n<!-- \/ Yoast SEO plugin. -->","yoast_head_json":{"title":"Vend\u00e9ghaj\u00f3knak - GY\u0150RI KIK\u00d6T\u0150","robots":{"index":"index","follow":"follow","max-snippet":"max-snippet:-1","max-image-preview":"max-image-preview:large","max-video-preview":"max-video-preview:-1"},"canonical":"http:\/\/gyorikikoto.hu\/en\/vendeghajoknak\/","og_locale":"en_US","og_type":"article","og_title":"Vend\u00e9ghaj\u00f3knak - GY\u0150RI KIK\u00d6T\u0150","og_description":"Vend\u00e9ghaj\u00f3kat el\u0151zetes bejelentkez\u00e9s alapj\u00e1n fogadunk.&nbsp;A haj\u00f3 adatait k\u00e9rj\u00fck el\u0151zetesen e-mailben a&nbsp;gyorikikoto@gmail.com&nbsp;c\u00edmre megk\u00fcldeni. (\u00fczembentart\u00f3 neve, c\u00edme, a haj\u00f3 lajstromsz\u00e1ma, hossza \u00e9s sz\u00e9less\u00e9ge.) Megfelel egy fot\u00f3 is a haj\u00f3lev\u00e9lr\u0151l.&nbsp; K\u00e9rj\u00fck megadni a fizet\u00e9s m\u00f3dj\u00e1t (\u00e1tutal\u00e1s vagy k\u00e9szp\u00e9nz). \u00c1tutal\u00e1s eset\u00e9n k\u00e9rj\u00fck a sz\u00e1ml\u00e1z\u00e1si adatokat is el\u0151re megadni.&nbsp; A kik\u00f6t\u0151 automatiz\u00e1lva, szem\u00e9lyzet n\u00e9lk\u00fcl \u00fczemel. [&hellip;]","og_url":"http:\/\/gyorikikoto.hu\/en\/vendeghajoknak\/","og_site_name":"GY\u0150RI KIK\u00d6T\u0150","article_modified_time":"2025-07-09T21:20:27+00:00","og_image":[{"url":"https:\/\/gyorikikoto.hu\/wp-content\/uploads\/2025\/07\/IMG_0603-944x1024.jpg","type":"","width":"","height":""}],"twitter_card":"summary_large_image","twitter_misc":{"Est. reading time":"2 minutes"},"schema":{"@context":"https:\/\/schema.org","@graph":[{"@type":"WebPage","@id":"http:\/\/gyorikikoto.hu\/en\/vendeghajoknak\/","url":"http:\/\/gyorikikoto.hu\/en\/vendeghajoknak\/","name":"Vend\u00e9ghaj\u00f3knak - GY\u0150RI KIK\u00d6T\u0150","isPartOf":{"@id":"http:\/\/gyorikikoto.hu\/#website"},"primaryImageOfPage":{"@id":"http:\/\/gyorikikoto.hu\/en\/vendeghajoknak\/#primaryimage"},"image":{"@id":"http:\/\/gyorikikoto.hu\/en\/vendeghajoknak\/#primaryimage"},"thumbnailUrl":"https:\/\/gyorikikoto.hu\/wp-content\/uploads\/2025\/07\/IMG_0603-944x1024.jpg","datePublished":"2025-07-09T21:20:26+00:00","dateModified":"2025-07-09T21:20:27+00:00","breadcrumb":{"@id":"http:\/\/gyorikikoto.hu\/en\/vendeghajoknak\/#breadcrumb"},"inLanguage":"en-US","potentialAction":[{"@type":"ReadAction","target":["http:\/\/gyorikikoto.hu\/en\/vendeghajoknak\/"]}]},{"@type":"ImageObject","inLanguage":"en-US","@id":"http:\/\/gyorikikoto.hu\/en\/vendeghajoknak\/#primaryimage","url":"https:\/\/gyorikikoto.hu\/wp-content\/uploads\/2025\/07\/IMG_0603-944x1024.jpg","contentUrl":"https:\/\/gyorikikoto.hu\/wp-content\/uploads\/2025\/07\/IMG_0603-944x1024.jpg"},{"@type":"BreadcrumbList","@id":"http:\/\/gyorikikoto.hu\/en\/vendeghajoknak\/#breadcrumb","itemListElement":[{"@type":"ListItem","position":1,"name":"Kezd\u0151lap","item":"http:\/\/gyorikikoto.hu\/"},{"@type":"ListItem","position":2,"name":"Vend\u00e9ghaj\u00f3knak"}]},{"@type":"WebSite","@id":"http:\/\/gyorikikoto.hu\/#website","url":"http:\/\/gyorikikoto.hu\/","name":"GY\u0150RI KIK\u00d6T\u0150","description":"kishaj\u00f3-kik\u00f6t\u0151 Gy\u0151rben","publisher":{"@id":"http:\/\/gyorikikoto.hu\/#organization"},"potentialAction":[{"@type":"SearchAction","target":{"@type":"EntryPoint","urlTemplate":"http:\/\/gyorikikoto.hu\/?s={search_term_string}"},"query-input":{"@type":"PropertyValueSpecification","valueRequired":true,"valueName":"search_term_string"}}],"inLanguage":"en-US"},{"@type":"Organization","@id":"http:\/\/gyorikikoto.hu\/#organization","name":"GY\u0150RI KIK\u00d6T\u0150","url":"http:\/\/gyorikikoto.hu\/","logo":{"@type":"ImageObject","inLanguage":"en-US","@id":"http:\/\/gyorikikoto.hu\/#\/schema\/logo\/image\/","url":"https:\/\/gyorikikoto.hu\/wp-content\/uploads\/2025\/02\/cropped-Logo-hatter-nelkul.png","contentUrl":"https:\/\/gyorikikoto.hu\/wp-content\/uploads\/2025\/02\/cropped-Logo-hatter-nelkul.png","width":500,"height":499,"caption":"GY\u0150RI KIK\u00d6T\u0150"},"image":{"@id":"http:\/\/gyorikikoto.hu\/#\/schema\/logo\/image\/"}}]}},"jetpack_sharing_enabled":true,"_links":{"self":[{"href":"https:\/\/gyorikikoto.hu\/en\/wp-json\/wp\/v2\/pages\/239","targetHints":{"allow":["GET"]}}],"collection":[{"href":"https:\/\/gyorikikoto.hu\/en\/wp-json\/wp\/v2\/pages"}],"about":[{"href":"https:\/\/gyorikikoto.hu\/en\/wp-json\/wp\/v2\/types\/page"}],"author":[{"embeddable":true,"href":"https:\/\/gyorikikoto.hu\/en\/wp-json\/wp\/v2\/users\/1"}],"replies":[{"embeddable":true,"href":"https:\/\/gyorikikoto.hu\/en\/wp-json\/wp\/v2\/comments?post=239"}],"version-history":[{"count":1,"href":"https:\/\/gyorikikoto.hu\/en\/wp-json\/wp\/v2\/pages\/239\/revisions"}],"predecessor-version":[{"id":242,"href":"https:\/\/gyorikikoto.hu\/en\/wp-json\/wp\/v2\/pages\/239\/revisions\/242"}],"wp:attachment":[{"href":"https:\/\/gyorikikoto.hu\/en\/wp-json\/wp\/v2\/media?parent=239"}],"curies":[{"name":"wp","href":"https:\/\/api.w.org\/{rel}","templated":true}]}}