{"id":108,"date":"2025-02-10T22:22:38","date_gmt":"2025-02-10T21:22:38","guid":{"rendered":"https:\/\/gyorikikoto.hu\/?page_id=108"},"modified":"2025-04-29T11:53:01","modified_gmt":"2025-04-29T10:53:01","slug":"elerhetosegek","status":"publish","type":"page","link":"https:\/\/gyorikikoto.hu\/en\/elerhetosegek\/","title":{"rendered":"CONTACT"},"content":{"rendered":"<div data-elementor-type=\"wp-page\" data-elementor-id=\"108\" class=\"elementor elementor-108\">\n\t\t\t\t<div class=\"elementor-element elementor-element-6e3eaaa e-flex e-con-boxed e-con e-parent\" data-id=\"6e3eaaa\" data-element_type=\"container\">\n\t\t\t\t\t<div class=\"e-con-inner\">\n\t\t\t\t<div class=\"elementor-element elementor-element-307637cc elementor-widget elementor-widget-text-editor\" data-id=\"307637cc\" data-element_type=\"widget\" data-widget_type=\"text-editor.default\">\n\t\t\t\t<div class=\"elementor-widget-container\">\n\t\t\t\t\t\t\t\t\t<p>Email: gyorikikoto@gmail.com<\/p>\n<p><!-- \/wp:paragraph --><!-- wp:paragraph --><\/p>\n<p>Facebook: <a href=\"https:\/\/www.facebook.com\/gyorikikoto\">https:\/\/www.facebook.com\/gyorikikoto<\/a><\/p>\n<p><!-- \/wp:paragraph --><!-- wp:paragraph --><\/p>\n<p>Location: 9027 Gy\u0151r, Pesti street (Ipar canal, estuary floodgate)<\/p>\n<p><!-- \/wp:paragraph --><!-- wp:paragraph --><\/p>\n<p><a href=\"https:\/\/maps.app.goo.gl\/ygUiZzajqo7gFW2r7\">https:\/\/maps.app.goo.gl\/ygUiZzajqo7gFW2r7<\/a><\/p>\n<p><!-- \/wp:paragraph --><!-- wp:paragraph --><\/p>\n<p>TEL: 20\/9816070<\/p>\n<p><!-- \/wp:paragraph --><\/p>\t\t\t\t\t\t\t\t<\/div>\n\t\t\t\t<\/div>\n\t\t\t\t\t<\/div>\n\t\t\t\t<\/div>\n\t\t<div class=\"elementor-element elementor-element-a0f94bb e-flex e-con-boxed e-con e-parent\" data-id=\"a0f94bb\" data-element_type=\"container\">\n\t\t\t\t\t<div class=\"e-con-inner\">\n\t\t\t\t<div class=\"elementor-element elementor-element-6f11fec elementor-widget elementor-widget-google_maps\" data-id=\"6f11fec\" data-element_type=\"widget\" data-widget_type=\"google_maps.default\">\n\t\t\t\t<div class=\"elementor-widget-container\">\n\t\t\t\t\t\t\t<div class=\"elementor-custom-embed\">\n\t\t\t<iframe loading=\"lazy\"\n\t\t\t\t\tsrc=\"https:\/\/maps.google.com\/maps?q=47%C2%B042%2705.7%22N%2017%C2%B039%2758.3%22E&#038;t=m&#038;z=13&#038;output=embed&#038;iwloc=near\"\n\t\t\t\t\ttitle=\"47\u00b042&#039;05.7&quot;N 17\u00b039&#039;58.3&quot;E\"\n\t\t\t\t\taria-label=\"47\u00b042&#039;05.7&quot;N 17\u00b039&#039;58.3&quot;E\"\n\t\t\t><\/iframe>\n\t\t<\/div>\n\t\t\t\t\t\t<\/div>\n\t\t\t\t<\/div>\n\t\t\t\t\t<\/div>\n\t\t\t\t<\/div>\n\t\t\t\t<\/div>","protected":false},"excerpt":{"rendered":"<p>Email: gyorikikoto@gmail.com Facebook: https:\/\/www.facebook.com\/gyorikikoto Helysz\u00edn: 9027 Gy\u0151r, Pesti \u00fat (Iparcsatorna, torkolati \u00e1rv\u00edzkapu) https:\/\/maps.app.goo.gl\/ygUiZzajqo7gFW2r7 TEL: 20\/9816070<\/p>","protected":false},"author":1,"featured_media":0,"parent":0,"menu_order":0,"comment_status":"closed","ping_status":"closed","template":"","meta":{"_themeisle_gutenberg_block_has_review":false,"footnotes":""},"class_list":["post-108","page","type-page","status-publish","hentry"],"yoast_head":"<!-- This site is optimized with the Yoast SEO plugin v24.4 - https:\/\/yoast.com\/wordpress\/plugins\/seo\/ -->\n<title>EL\u00c9RHET\u0150S\u00c9GEK - GY\u0150RI KIK\u00d6T\u0150<\/title>\n<meta name=\"robots\" content=\"index, follow, max-snippet:-1, max-image-preview:large, max-video-preview:-1\" \/>\n<link rel=\"canonical\" href=\"https:\/\/gyorikikoto.hu\/en\/elerhetosegek\/\" \/>\n<meta property=\"og:locale\" content=\"en_US\" \/>\n<meta property=\"og:type\" content=\"article\" \/>\n<meta property=\"og:title\" content=\"EL\u00c9RHET\u0150S\u00c9GEK - GY\u0150RI KIK\u00d6T\u0150\" \/>\n<meta property=\"og:description\" content=\"Email: gyorikikoto@gmail.com Facebook: https:\/\/www.facebook.com\/gyorikikoto Helysz\u00edn: 9027 Gy\u0151r, Pesti \u00fat (Iparcsatorna, torkolati \u00e1rv\u00edzkapu) https:\/\/maps.app.goo.gl\/ygUiZzajqo7gFW2r7 TEL: 20\/9816070\" \/>\n<meta property=\"og:url\" content=\"https:\/\/gyorikikoto.hu\/en\/elerhetosegek\/\" \/>\n<meta property=\"og:site_name\" content=\"GY\u0150RI KIK\u00d6T\u0150\" \/>\n<meta property=\"article:modified_time\" content=\"2025-04-29T10:53:01+00:00\" \/>\n<meta name=\"twitter:card\" content=\"summary_large_image\" \/>\n<meta name=\"twitter:label1\" content=\"Est. reading time\" \/>\n\t<meta name=\"twitter:data1\" content=\"1 minute\" \/>\n<script type=\"application\/ld+json\" class=\"yoast-schema-graph\">{\"@context\":\"https:\/\/schema.org\",\"@graph\":[{\"@type\":\"WebPage\",\"@id\":\"https:\/\/gyorikikoto.hu\/en\/elerhetosegek\/\",\"url\":\"https:\/\/gyorikikoto.hu\/en\/elerhetosegek\/\",\"name\":\"EL\u00c9RHET\u0150S\u00c9GEK - GY\u0150RI KIK\u00d6T\u0150\",\"isPartOf\":{\"@id\":\"http:\/\/gyorikikoto.hu\/#website\"},\"datePublished\":\"2025-02-10T21:22:38+00:00\",\"dateModified\":\"2025-04-29T10:53:01+00:00\",\"breadcrumb\":{\"@id\":\"https:\/\/gyorikikoto.hu\/en\/elerhetosegek\/#breadcrumb\"},\"inLanguage\":\"en-US\",\"potentialAction\":[{\"@type\":\"ReadAction\",\"target\":[\"https:\/\/gyorikikoto.hu\/en\/elerhetosegek\/\"]}]},{\"@type\":\"BreadcrumbList\",\"@id\":\"https:\/\/gyorikikoto.hu\/en\/elerhetosegek\/#breadcrumb\",\"itemListElement\":[{\"@type\":\"ListItem\",\"position\":1,\"name\":\"Kezd\u0151lap\",\"item\":\"http:\/\/gyorikikoto.hu\/\"},{\"@type\":\"ListItem\",\"position\":2,\"name\":\"EL\u00c9RHET\u0150S\u00c9GEK\"}]},{\"@type\":\"WebSite\",\"@id\":\"http:\/\/gyorikikoto.hu\/#website\",\"url\":\"http:\/\/gyorikikoto.hu\/\",\"name\":\"GY\u0150RI KIK\u00d6T\u0150\",\"description\":\"kishaj\u00f3-kik\u00f6t\u0151 Gy\u0151rben\",\"publisher\":{\"@id\":\"http:\/\/gyorikikoto.hu\/#organization\"},\"potentialAction\":[{\"@type\":\"SearchAction\",\"target\":{\"@type\":\"EntryPoint\",\"urlTemplate\":\"http:\/\/gyorikikoto.hu\/?s={search_term_string}\"},\"query-input\":{\"@type\":\"PropertyValueSpecification\",\"valueRequired\":true,\"valueName\":\"search_term_string\"}}],\"inLanguage\":\"en-US\"},{\"@type\":\"Organization\",\"@id\":\"http:\/\/gyorikikoto.hu\/#organization\",\"name\":\"GY\u0150RI KIK\u00d6T\u0150\",\"url\":\"http:\/\/gyorikikoto.hu\/\",\"logo\":{\"@type\":\"ImageObject\",\"inLanguage\":\"en-US\",\"@id\":\"http:\/\/gyorikikoto.hu\/#\/schema\/logo\/image\/\",\"url\":\"https:\/\/gyorikikoto.hu\/wp-content\/uploads\/2025\/02\/cropped-Logo-hatter-nelkul.png\",\"contentUrl\":\"https:\/\/gyorikikoto.hu\/wp-content\/uploads\/2025\/02\/cropped-Logo-hatter-nelkul.png\",\"width\":500,\"height\":499,\"caption\":\"GY\u0150RI KIK\u00d6T\u0150\"},\"image\":{\"@id\":\"http:\/\/gyorikikoto.hu\/#\/schema\/logo\/image\/\"}}]}<\/script>\n<!-- \/ Yoast SEO plugin. -->","yoast_head_json":{"title":"EL\u00c9RHET\u0150S\u00c9GEK - GY\u0150RI KIK\u00d6T\u0150","robots":{"index":"index","follow":"follow","max-snippet":"max-snippet:-1","max-image-preview":"max-image-preview:large","max-video-preview":"max-video-preview:-1"},"canonical":"https:\/\/gyorikikoto.hu\/en\/elerhetosegek\/","og_locale":"en_US","og_type":"article","og_title":"EL\u00c9RHET\u0150S\u00c9GEK - GY\u0150RI KIK\u00d6T\u0150","og_description":"Email: gyorikikoto@gmail.com Facebook: https:\/\/www.facebook.com\/gyorikikoto Helysz\u00edn: 9027 Gy\u0151r, Pesti \u00fat (Iparcsatorna, torkolati \u00e1rv\u00edzkapu) https:\/\/maps.app.goo.gl\/ygUiZzajqo7gFW2r7 TEL: 20\/9816070","og_url":"https:\/\/gyorikikoto.hu\/en\/elerhetosegek\/","og_site_name":"GY\u0150RI KIK\u00d6T\u0150","article_modified_time":"2025-04-29T10:53:01+00:00","twitter_card":"summary_large_image","twitter_misc":{"Est. reading time":"1 minute"},"schema":{"@context":"https:\/\/schema.org","@graph":[{"@type":"WebPage","@id":"https:\/\/gyorikikoto.hu\/en\/elerhetosegek\/","url":"https:\/\/gyorikikoto.hu\/en\/elerhetosegek\/","name":"EL\u00c9RHET\u0150S\u00c9GEK - GY\u0150RI KIK\u00d6T\u0150","isPartOf":{"@id":"http:\/\/gyorikikoto.hu\/#website"},"datePublished":"2025-02-10T21:22:38+00:00","dateModified":"2025-04-29T10:53:01+00:00","breadcrumb":{"@id":"https:\/\/gyorikikoto.hu\/en\/elerhetosegek\/#breadcrumb"},"inLanguage":"en-US","potentialAction":[{"@type":"ReadAction","target":["https:\/\/gyorikikoto.hu\/en\/elerhetosegek\/"]}]},{"@type":"BreadcrumbList","@id":"https:\/\/gyorikikoto.hu\/en\/elerhetosegek\/#breadcrumb","itemListElement":[{"@type":"ListItem","position":1,"name":"Kezd\u0151lap","item":"http:\/\/gyorikikoto.hu\/"},{"@type":"ListItem","position":2,"name":"EL\u00c9RHET\u0150S\u00c9GEK"}]},{"@type":"WebSite","@id":"http:\/\/gyorikikoto.hu\/#website","url":"http:\/\/gyorikikoto.hu\/","name":"GY\u0150RI KIK\u00d6T\u0150","description":"kishaj\u00f3-kik\u00f6t\u0151 Gy\u0151rben","publisher":{"@id":"http:\/\/gyorikikoto.hu\/#organization"},"potentialAction":[{"@type":"SearchAction","target":{"@type":"EntryPoint","urlTemplate":"http:\/\/gyorikikoto.hu\/?s={search_term_string}"},"query-input":{"@type":"PropertyValueSpecification","valueRequired":true,"valueName":"search_term_string"}}],"inLanguage":"en-US"},{"@type":"Organization","@id":"http:\/\/gyorikikoto.hu\/#organization","name":"GY\u0150RI KIK\u00d6T\u0150","url":"http:\/\/gyorikikoto.hu\/","logo":{"@type":"ImageObject","inLanguage":"en-US","@id":"http:\/\/gyorikikoto.hu\/#\/schema\/logo\/image\/","url":"https:\/\/gyorikikoto.hu\/wp-content\/uploads\/2025\/02\/cropped-Logo-hatter-nelkul.png","contentUrl":"https:\/\/gyorikikoto.hu\/wp-content\/uploads\/2025\/02\/cropped-Logo-hatter-nelkul.png","width":500,"height":499,"caption":"GY\u0150RI KIK\u00d6T\u0150"},"image":{"@id":"http:\/\/gyorikikoto.hu\/#\/schema\/logo\/image\/"}}]}},"jetpack_sharing_enabled":true,"_links":{"self":[{"href":"https:\/\/gyorikikoto.hu\/en\/wp-json\/wp\/v2\/pages\/108","targetHints":{"allow":["GET"]}}],"collection":[{"href":"https:\/\/gyorikikoto.hu\/en\/wp-json\/wp\/v2\/pages"}],"about":[{"href":"https:\/\/gyorikikoto.hu\/en\/wp-json\/wp\/v2\/types\/page"}],"author":[{"embeddable":true,"href":"https:\/\/gyorikikoto.hu\/en\/wp-json\/wp\/v2\/users\/1"}],"replies":[{"embeddable":true,"href":"https:\/\/gyorikikoto.hu\/en\/wp-json\/wp\/v2\/comments?post=108"}],"version-history":[{"count":16,"href":"https:\/\/gyorikikoto.hu\/en\/wp-json\/wp\/v2\/pages\/108\/revisions"}],"predecessor-version":[{"id":163,"href":"https:\/\/gyorikikoto.hu\/en\/wp-json\/wp\/v2\/pages\/108\/revisions\/163"}],"wp:attachment":[{"href":"https:\/\/gyorikikoto.hu\/en\/wp-json\/wp\/v2\/media?parent=108"}],"curies":[{"name":"wp","href":"https:\/\/api.w.org\/{rel}","templated":true}]}}