{"id":165,"date":"2025-04-29T12:19:36","date_gmt":"2025-04-29T11:19:36","guid":{"rendered":"https:\/\/gyorikikoto.hu\/?page_id=165"},"modified":"2025-04-29T12:19:37","modified_gmt":"2025-04-29T11:19:37","slug":"public-interest","status":"publish","type":"page","link":"http:\/\/gyorikikoto.hu\/en\/public-interest\/","title":{"rendered":"Public interest"},"content":{"rendered":"<p><a href=\"https:\/\/www.kozlekedesihatosag.kormany.hu\/hu\/dokumentumtar?start=14&amp;tag=hszh\"><strong>Nautical notice<\/strong><\/a><\/p>\n\n\n\n<p><a href=\"https:\/\/eduvizig.hu\/eszak-dunantuli\/vizgazdalkodas-vizszolgaltatas\/duzzasztok-uzemelese\/mosoni-duna-torkolati-mutargy\"><strong>Operating schedule of navigation lock at Gy\u00f6ny\u0171<\/strong><\/a><\/p>\n\n\n\n<p><\/p>","protected":false},"excerpt":{"rendered":"<p>Nautical notice Operating schedule of navigation lock at Gy\u00f6ny\u0171<\/p>","protected":false},"author":1,"featured_media":0,"parent":0,"menu_order":0,"comment_status":"closed","ping_status":"closed","template":"","meta":{"_themeisle_gutenberg_block_has_review":false,"footnotes":""},"class_list":["post-165","page","type-page","status-publish","hentry"],"yoast_head":"<!-- This site is optimized with the Yoast SEO plugin v24.4 - https:\/\/yoast.com\/wordpress\/plugins\/seo\/ -->\n<title>Public interest - GY\u0150RI KIK\u00d6T\u0150<\/title>\n<meta name=\"robots\" content=\"index, follow, max-snippet:-1, max-image-preview:large, max-video-preview:-1\" \/>\n<link rel=\"canonical\" href=\"http:\/\/gyorikikoto.hu\/en\/public-interest\/\" \/>\n<meta property=\"og:locale\" content=\"en_US\" \/>\n<meta property=\"og:type\" content=\"article\" \/>\n<meta property=\"og:title\" content=\"Public interest - GY\u0150RI KIK\u00d6T\u0150\" \/>\n<meta property=\"og:description\" content=\"Nautical notice Operating schedule of navigation lock at Gy\u00f6ny\u0171\" \/>\n<meta property=\"og:url\" content=\"http:\/\/gyorikikoto.hu\/en\/public-interest\/\" \/>\n<meta property=\"og:site_name\" content=\"GY\u0150RI KIK\u00d6T\u0150\" \/>\n<meta property=\"article:modified_time\" content=\"2025-04-29T11:19:37+00:00\" \/>\n<meta name=\"twitter:card\" content=\"summary_large_image\" \/>\n<meta name=\"twitter:label1\" content=\"Est. reading time\" \/>\n\t<meta name=\"twitter:data1\" content=\"1 minute\" \/>\n<script type=\"application\/ld+json\" class=\"yoast-schema-graph\">{\"@context\":\"https:\/\/schema.org\",\"@graph\":[{\"@type\":\"WebPage\",\"@id\":\"http:\/\/gyorikikoto.hu\/public-interest\/\",\"url\":\"http:\/\/gyorikikoto.hu\/public-interest\/\",\"name\":\"Public interest - GY\u0150RI KIK\u00d6T\u0150\",\"isPartOf\":{\"@id\":\"https:\/\/gyorikikoto.hu\/#website\"},\"datePublished\":\"2025-04-29T11:19:36+00:00\",\"dateModified\":\"2025-04-29T11:19:37+00:00\",\"breadcrumb\":{\"@id\":\"http:\/\/gyorikikoto.hu\/public-interest\/#breadcrumb\"},\"inLanguage\":\"en-US\",\"potentialAction\":[{\"@type\":\"ReadAction\",\"target\":[\"http:\/\/gyorikikoto.hu\/public-interest\/\"]}]},{\"@type\":\"BreadcrumbList\",\"@id\":\"http:\/\/gyorikikoto.hu\/public-interest\/#breadcrumb\",\"itemListElement\":[{\"@type\":\"ListItem\",\"position\":1,\"name\":\"Kezd\u0151lap\",\"item\":\"https:\/\/gyorikikoto.hu\/\"},{\"@type\":\"ListItem\",\"position\":2,\"name\":\"Public interest\"}]},{\"@type\":\"WebSite\",\"@id\":\"https:\/\/gyorikikoto.hu\/#website\",\"url\":\"https:\/\/gyorikikoto.hu\/\",\"name\":\"GY\u0150RI KIK\u00d6T\u0150\",\"description\":\"kishaj\u00f3-kik\u00f6t\u0151 Gy\u0151rben\",\"publisher\":{\"@id\":\"https:\/\/gyorikikoto.hu\/#organization\"},\"potentialAction\":[{\"@type\":\"SearchAction\",\"target\":{\"@type\":\"EntryPoint\",\"urlTemplate\":\"https:\/\/gyorikikoto.hu\/?s={search_term_string}\"},\"query-input\":{\"@type\":\"PropertyValueSpecification\",\"valueRequired\":true,\"valueName\":\"search_term_string\"}}],\"inLanguage\":\"en-US\"},{\"@type\":\"Organization\",\"@id\":\"https:\/\/gyorikikoto.hu\/#organization\",\"name\":\"GY\u0150RI KIK\u00d6T\u0150\",\"url\":\"https:\/\/gyorikikoto.hu\/\",\"logo\":{\"@type\":\"ImageObject\",\"inLanguage\":\"en-US\",\"@id\":\"https:\/\/gyorikikoto.hu\/#\/schema\/logo\/image\/\",\"url\":\"http:\/\/gyorikikoto.hu\/wp-content\/uploads\/2025\/02\/cropped-Logo-hatter-nelkul.png\",\"contentUrl\":\"http:\/\/gyorikikoto.hu\/wp-content\/uploads\/2025\/02\/cropped-Logo-hatter-nelkul.png\",\"width\":500,\"height\":499,\"caption\":\"GY\u0150RI KIK\u00d6T\u0150\"},\"image\":{\"@id\":\"https:\/\/gyorikikoto.hu\/#\/schema\/logo\/image\/\"}}]}<\/script>\n<!-- \/ Yoast SEO plugin. -->","yoast_head_json":{"title":"Public interest - GY\u0150RI KIK\u00d6T\u0150","robots":{"index":"index","follow":"follow","max-snippet":"max-snippet:-1","max-image-preview":"max-image-preview:large","max-video-preview":"max-video-preview:-1"},"canonical":"http:\/\/gyorikikoto.hu\/en\/public-interest\/","og_locale":"en_US","og_type":"article","og_title":"Public interest - GY\u0150RI KIK\u00d6T\u0150","og_description":"Nautical notice Operating schedule of navigation lock at Gy\u00f6ny\u0171","og_url":"http:\/\/gyorikikoto.hu\/en\/public-interest\/","og_site_name":"GY\u0150RI KIK\u00d6T\u0150","article_modified_time":"2025-04-29T11:19:37+00:00","twitter_card":"summary_large_image","twitter_misc":{"Est. reading time":"1 minute"},"schema":{"@context":"https:\/\/schema.org","@graph":[{"@type":"WebPage","@id":"http:\/\/gyorikikoto.hu\/public-interest\/","url":"http:\/\/gyorikikoto.hu\/public-interest\/","name":"Public interest - GY\u0150RI KIK\u00d6T\u0150","isPartOf":{"@id":"https:\/\/gyorikikoto.hu\/#website"},"datePublished":"2025-04-29T11:19:36+00:00","dateModified":"2025-04-29T11:19:37+00:00","breadcrumb":{"@id":"http:\/\/gyorikikoto.hu\/public-interest\/#breadcrumb"},"inLanguage":"en-US","potentialAction":[{"@type":"ReadAction","target":["http:\/\/gyorikikoto.hu\/public-interest\/"]}]},{"@type":"BreadcrumbList","@id":"http:\/\/gyorikikoto.hu\/public-interest\/#breadcrumb","itemListElement":[{"@type":"ListItem","position":1,"name":"Kezd\u0151lap","item":"https:\/\/gyorikikoto.hu\/"},{"@type":"ListItem","position":2,"name":"Public interest"}]},{"@type":"WebSite","@id":"https:\/\/gyorikikoto.hu\/#website","url":"https:\/\/gyorikikoto.hu\/","name":"GY\u0150RI KIK\u00d6T\u0150","description":"kishaj\u00f3-kik\u00f6t\u0151 Gy\u0151rben","publisher":{"@id":"https:\/\/gyorikikoto.hu\/#organization"},"potentialAction":[{"@type":"SearchAction","target":{"@type":"EntryPoint","urlTemplate":"https:\/\/gyorikikoto.hu\/?s={search_term_string}"},"query-input":{"@type":"PropertyValueSpecification","valueRequired":true,"valueName":"search_term_string"}}],"inLanguage":"en-US"},{"@type":"Organization","@id":"https:\/\/gyorikikoto.hu\/#organization","name":"GY\u0150RI KIK\u00d6T\u0150","url":"https:\/\/gyorikikoto.hu\/","logo":{"@type":"ImageObject","inLanguage":"en-US","@id":"https:\/\/gyorikikoto.hu\/#\/schema\/logo\/image\/","url":"http:\/\/gyorikikoto.hu\/wp-content\/uploads\/2025\/02\/cropped-Logo-hatter-nelkul.png","contentUrl":"http:\/\/gyorikikoto.hu\/wp-content\/uploads\/2025\/02\/cropped-Logo-hatter-nelkul.png","width":500,"height":499,"caption":"GY\u0150RI KIK\u00d6T\u0150"},"image":{"@id":"https:\/\/gyorikikoto.hu\/#\/schema\/logo\/image\/"}}]}},"jetpack_sharing_enabled":true,"_links":{"self":[{"href":"http:\/\/gyorikikoto.hu\/en\/wp-json\/wp\/v2\/pages\/165","targetHints":{"allow":["GET"]}}],"collection":[{"href":"http:\/\/gyorikikoto.hu\/en\/wp-json\/wp\/v2\/pages"}],"about":[{"href":"http:\/\/gyorikikoto.hu\/en\/wp-json\/wp\/v2\/types\/page"}],"author":[{"embeddable":true,"href":"http:\/\/gyorikikoto.hu\/en\/wp-json\/wp\/v2\/users\/1"}],"replies":[{"embeddable":true,"href":"http:\/\/gyorikikoto.hu\/en\/wp-json\/wp\/v2\/comments?post=165"}],"version-history":[{"count":1,"href":"http:\/\/gyorikikoto.hu\/en\/wp-json\/wp\/v2\/pages\/165\/revisions"}],"predecessor-version":[{"id":168,"href":"http:\/\/gyorikikoto.hu\/en\/wp-json\/wp\/v2\/pages\/165\/revisions\/168"}],"wp:attachment":[{"href":"http:\/\/gyorikikoto.hu\/en\/wp-json\/wp\/v2\/media?parent=165"}],"curies":[{"name":"wp","href":"https:\/\/api.w.org\/{rel}","templated":true}]}}